{"id":36853,"date":"2025-07-10T11:19:02","date_gmt":"2025-07-10T11:19:02","guid":{"rendered":"https:\/\/salapares.com\/producto\/catwalk\/"},"modified":"2025-07-10T11:24:01","modified_gmt":"2025-07-10T11:24:01","slug":"catwalk","status":"publish","type":"product","link":"https:\/\/salapares.com\/en\/producto\/catwalk\/","title":{"rendered":"Catwalk"},"content":{"rendered":"","protected":false},"excerpt":{"rendered":"<p>El Catwalk es una de las obras de Stefaan Eyckmans que puedes disfrutar en su extraordinaria exposici\u00f3n en Sala Par\u00e9s. Esta exposici\u00f3n \u00fanica en la reconocida galer\u00eda de arte destaca la maestr\u00eda del artista en la representaci\u00f3n de la luz a trav\u00e9s de su arte. La obra es una pieza excepcional que invita a los espectadores a sumergirse en un mundo de belleza y serenidad. La obra cautiva con sus luz, sus colores y su meticulosa atenci\u00f3n al detalle, transportando a quienes la contemplan a un lugar de ensue\u00f1o. La presencia de Leticia Feduchi en la Sala Par\u00e9s representa un hito en el panorama art\u00edstico de Barcelona, consolidando su posici\u00f3n como uno de los creadores m\u00e1s destacados de nuestra \u00e9poca.<br \/>\nStefaan nace en Niel, un pueblo de antiguos fabricantes de ladrillos a la sombra de Amberes. Como hijo del artista Louis Eyckmans, toma contacto con las herramientas de la pintura y el dibujo desde una edad muy temprana. Su padre seguir\u00e1 siendo su principal maestro y mentor durante toda su vida. Durante su \u00e9poca de estudiante, Stefaan est\u00e1 fuertemente influenciado por los primitivos flamencos, los pintores de bodegones del siglo XVII y el movimiento hiperrealista de Amberes, liderado por Willem Dolphyn. Posteriormente, la t\u00e9cnica m\u00e1s empastada del holand\u00e9s Henk Helmantel y las austeras composiciones del italiano Giorgio Morandi dejaron huella en su obra. Tras formarse como dise\u00f1ador de personajes e ilustrador, Stefaan trabaj\u00f3 en publicidad durante un tiempo. Pero cada vez m\u00e1s se centrara en su pintura. El mundo de los mensajes publicitarios r\u00e1pidos y los plazos abren espacio para el mundo silencioso del estudio, la observaci\u00f3n paciente y la construcci\u00f3n lenta de composiciones atemporales.<br \/>\nEn nuestra era postmoderna, donde la academia oficial rechaza la belleza como algo cursi y los museos de \u201cbellas\u201d artes son limitados a museos de arte \u201ccontempor\u00e1neo\u201d, Stefaan opta decididamente por la belleza como un criterio objetivo. Mediante el examen de la forma, la b\u00fasqueda continua de la esencia y la composici\u00f3n, Stefaan intenta crear otra realidad pr\u00edstina. Sus cuadros irradian tranquilidad y equilibrio. Son, en palabras del propio artista, \u00absalidas de emergencia de nuestra estresada sociedad de consumo\u00bb. La t\u00e9cnica tonal de los antiguos maestros en combinaci\u00f3n con materiales, colores y objetos modernos, da como resultado un realismo contempor\u00e1neo con ra\u00edces en una tradici\u00f3n pict\u00f3rica centenaria.<br \/>\nCon todo su realismo y detalle, los bodegones de Stefaan surgen de una abstracci\u00f3n estrechamente compuesta. Ya desde la distancia los colores, la composici\u00f3n y la sutil iluminaci\u00f3n logran seducir al espectador. Pero solo al acercarse las pinturas revelan sus sorprendentes detalles.<br \/>\nStefaan lleva una vida aislada en la regi\u00f3n francesa de Quency Blanc, en una peque\u00f1a aldea entre los vi\u00f1edos de Cahors.El Catwalk es una de las obras de Stefaan Eyckmans que puedes disfrutar en su extraordinaria exposici\u00f3n en Sala Par\u00e9s. Esta exposici\u00f3n \u00fanica en la reconocida galer\u00eda de arte destaca la maestr\u00eda del artista en la representaci\u00f3n de la luz a trav\u00e9s de su arte. La obra es una pieza excepcional que invita a los espectadores a sumergirse en un mundo de belleza y serenidad. La obra cautiva con sus luz, sus colores y su meticulosa atenci\u00f3n al detalle, transportando a quienes la contemplan a un lugar de ensue\u00f1o. La presencia de Leticia Feduchi en la Sala Par\u00e9s representa un hito en el panorama art\u00edstico de Barcelona, consolidando su posici\u00f3n como uno de los creadores m\u00e1s destacados de nuestra \u00e9poca.<br \/>\nStefaan nace en Niel, un pueblo de antiguos fabricantes de ladrillos a la sombra de Amberes. Como hijo del artista Louis Eyckmans, toma contacto con las herramientas de la pintura y el dibujo desde una edad muy temprana. Su padre seguir\u00e1 siendo su principal maestro y mentor durante toda su vida. Durante su \u00e9poca de estudiante, Stefaan est\u00e1 fuertemente influenciado por los primitivos flamencos, los pintores de bodegones del siglo XVII y el movimiento hiperrealista de Amberes, liderado por Willem Dolphyn. Posteriormente, la t\u00e9cnica m\u00e1s empastada del holand\u00e9s Henk Helmantel y las austeras composiciones del italiano Giorgio Morandi dejaron huella en su obra. Tras formarse como dise\u00f1ador de personajes e ilustrador, Stefaan trabaj\u00f3 en publicidad durante un tiempo. Pero cada vez m\u00e1s se centrara en su pintura. El mundo de los mensajes publicitarios r\u00e1pidos y los plazos abren espacio para el mundo silencioso del estudio, la observaci\u00f3n paciente y la construcci\u00f3n lenta de composiciones atemporales.<br \/>\nEn nuestra era postmoderna, donde la academia oficial rechaza la belleza como algo cursi y los museos de \u201cbellas\u201d artes son limitados a museos de arte \u201ccontempor\u00e1neo\u201d, Stefaan opta decididamente por la belleza como un criterio objetivo. Mediante el examen de la forma, la b\u00fasqueda continua de la esencia y la composici\u00f3n, Stefaan intenta crear otra realidad pr\u00edstina. Sus cuadros irradian tranquilidad y equilibrio. Son, en palabras del propio artista, \u00absalidas de emergencia de nuestra estresada sociedad de consumo\u00bb. La t\u00e9cnica tonal de los antiguos maestros en combinaci\u00f3n con materiales, colores y objetos modernos, da como resultado un realismo contempor\u00e1neo con ra\u00edces en una tradici\u00f3n pict\u00f3rica centenaria.<br \/>\nCon todo su realismo y detalle, los bodegones de Stefaan surgen de una abstracci\u00f3n estrechamente compuesta. Ya desde la distancia los colores, la composici\u00f3n y la sutil iluminaci\u00f3n logran seducir al espectador. Pero solo al acercarse las pinturas revelan sus sorprendentes detalles.<br \/>\nStefaan lleva una vida aislada en la regi\u00f3n francesa de Quency Blanc, en una peque\u00f1a aldea entre los vi\u00f1edos de Cahors.El Catwalk es una de las obras de Stefaan Eyckmans que puedes disfrutar en su extraordinaria exposici\u00f3n en Sala Par\u00e9s. Esta exposici\u00f3n \u00fanica en la reconocida galer\u00eda de arte destaca la maestr\u00eda del artista en la representaci\u00f3n de la luz a trav\u00e9s de su arte. La obra es una pieza excepcional que invita a los espectadores a sumergirse en un mundo de belleza y serenidad. La obra cautiva con sus luz, sus colores y su meticulosa atenci\u00f3n al detalle, transportando a quienes la contemplan a un lugar de ensue\u00f1o. La presencia de Leticia Feduchi en la Sala Par\u00e9s representa un hito en el panorama art\u00edstico de Barcelona, consolidando su posici\u00f3n como uno de los creadores m\u00e1s destacados de nuestra \u00e9poca.<br \/>\nStefaan nace en Niel, un pueblo de antiguos fabricantes de ladrillos a la sombra de Amberes. Como hijo del artista Louis Eyckmans, toma contacto con las herramientas de la pintura y el dibujo desde una edad muy temprana. Su padre seguir\u00e1 siendo su principal maestro y mentor durante toda su vida. Durante su \u00e9poca de estudiante, Stefaan est\u00e1 fuertemente influenciado por los primitivos flamencos, los pintores de bodegones del siglo XVII y el movimiento hiperrealista de Amberes, liderado por Willem Dolphyn. Posteriormente, la t\u00e9cnica m\u00e1s empastada del holand\u00e9s Henk Helmantel y las austeras composiciones del italiano Giorgio Morandi dejaron huella en su obra. Tras formarse como dise\u00f1ador de personajes e ilustrador, Stefaan trabaj\u00f3 en publicidad durante un tiempo. Pero cada vez m\u00e1s se centrara en su pintura. El mundo de los mensajes publicitarios r\u00e1pidos y los plazos abren espacio para el mundo silencioso del estudio, la observaci\u00f3n paciente y la construcci\u00f3n lenta de composiciones atemporales.<br \/>\nEn nuestra era postmoderna, donde la academia oficial rechaza la belleza como algo cursi y los museos de \u201cbellas\u201d artes son limitados a museos de arte \u201ccontempor\u00e1neo\u201d, Stefaan opta decididamente por la belleza como un criterio objetivo. Mediante el examen de la forma, la b\u00fasqueda continua de la esencia y la composici\u00f3n, Stefaan intenta crear otra realidad pr\u00edstina. Sus cuadros irradian tranquilidad y equilibrio. Son, en palabras del propio artista, \u00absalidas de emergencia de nuestra estresada sociedad de consumo\u00bb. La t\u00e9cnica tonal de los antiguos maestros en combinaci\u00f3n con materiales, colores y objetos modernos, da como resultado un realismo contempor\u00e1neo con ra\u00edces en una tradici\u00f3n pict\u00f3rica centenaria.<br \/>\nCon todo su realismo y detalle, los bodegones de Stefaan surgen de una abstracci\u00f3n estrechamente compuesta. Ya desde la distancia los colores, la composici\u00f3n y la sutil iluminaci\u00f3n logran seducir al espectador. Pero solo al acercarse las pinturas revelan sus sorprendentes detalles.<br \/>\nStefaan lleva una vida aislada en la regi\u00f3n francesa de Quency Blanc, en una peque\u00f1a aldea entre los vi\u00f1edos de Cahors.El Catwalk es una de las obras de Stefaan Eyckmans que puedes disfrutar en su extraordinaria exposici\u00f3n en Sala Par\u00e9s. Esta exposici\u00f3n \u00fanica en la reconocida galer\u00eda de arte destaca la maestr\u00eda del artista en la representaci\u00f3n de la luz a trav\u00e9s de su arte. La obra es una pieza excepcional que invita a los espectadores a sumergirse en un mundo de belleza y serenidad. La obra cautiva con sus luz, sus colores y su meticulosa atenci\u00f3n al detalle, transportando a quienes la contemplan a un lugar de ensue\u00f1o. La presencia de Leticia Feduchi en la Sala Par\u00e9s representa un hito en el panorama art\u00edstico de Barcelona, consolidando su posici\u00f3n como uno de los creadores m\u00e1s destacados de nuestra \u00e9poca.<br \/>\nStefaan nace en Niel, un pueblo de antiguos fabricantes de ladrillos a la sombra de Amberes. Como hijo del artista Louis Eyckmans, toma contacto con las herramientas de la pintura y el dibujo desde una edad muy temprana. Su padre seguir\u00e1 siendo su principal maestro y mentor durante toda su vida. Durante su \u00e9poca de estudiante, Stefaan est\u00e1 fuertemente influenciado por los primitivos flamencos, los pintores de bodegones del siglo XVII y el movimiento hiperrealista de Amberes, liderado por Willem Dolphyn. Posteriormente, la t\u00e9cnica m\u00e1s empastada del holand\u00e9s Henk Helmantel y las austeras composiciones del italiano Giorgio Morandi dejaron huella en su obra. Tras formarse como dise\u00f1ador de personajes e ilustrador, Stefaan trabaj\u00f3 en publicidad durante un tiempo. Pero cada vez m\u00e1s se centrara en su pintura. El mundo de los mensajes publicitarios r\u00e1pidos y los plazos abren espacio para el mundo silencioso del estudio, la observaci\u00f3n paciente y la construcci\u00f3n lenta de composiciones atemporales.<br \/>\nEn nuestra era postmoderna, donde la academia oficial rechaza la belleza como algo cursi y los museos de \u201cbellas\u201d artes son limitados a museos de arte \u201ccontempor\u00e1neo\u201d, Stefaan opta decididamente por la belleza como un criterio objetivo. Mediante el examen de la forma, la b\u00fasqueda continua de la esencia y la composici\u00f3n, Stefaan intenta crear otra realidad pr\u00edstina. Sus cuadros irradian tranquilidad y equilibrio. Son, en palabras del propio artista, \u00absalidas de emergencia de nuestra estresada sociedad de consumo\u00bb. La t\u00e9cnica tonal de los antiguos maestros en combinaci\u00f3n con materiales, colores y objetos modernos, da como resultado un realismo contempor\u00e1neo con ra\u00edces en una tradici\u00f3n pict\u00f3rica centenaria.<br \/>\nCon todo su realismo y detalle, los bodegones de Stefaan surgen de una abstracci\u00f3n estrechamente compuesta. Ya desde la distancia los colores, la composici\u00f3n y la sutil iluminaci\u00f3n logran seducir al espectador. Pero solo al acercarse las pinturas revelan sus sorprendentes detalles.<br \/>\nStefaan lleva una vida aislada en la regi\u00f3n francesa de Quency Blanc, en una peque\u00f1a aldea entre los vi\u00f1edos de Cahors.El Catwalk es una de las obras de Stefaan Eyckmans que puedes disfrutar en su extraordinaria exposici\u00f3n en Sala Par\u00e9s. Esta exposici\u00f3n \u00fanica en la reconocida galer\u00eda de arte destaca la maestr\u00eda del artista en la representaci\u00f3n de la luz a trav\u00e9s de su arte. La obra es una pieza excepcional que invita a los espectadores a sumergirse en un mundo de belleza y serenidad. La obra cautiva con sus luz, sus colores y su meticulosa atenci\u00f3n al detalle, transportando a quienes la contemplan a un lugar de ensue\u00f1o. La presencia de Leticia Feduchi en la Sala Par\u00e9s representa un hito en el panorama art\u00edstico de Barcelona, consolidando su posici\u00f3n como uno de los creadores m\u00e1s destacados de nuestra \u00e9poca.<br \/>\nStefaan nace en Niel, un pueblo de antiguos fabricantes de ladrillos a la sombra de Amberes. Como hijo del artista Louis Eyckmans, toma contacto con las herramientas de la pintura y el dibujo desde una edad muy temprana. Su padre seguir\u00e1 siendo su principal maestro y mentor durante toda su vida. Durante su \u00e9poca de estudiante, Stefaan est\u00e1 fuertemente influenciado por los primitivos flamencos, los pintores de bodegones del siglo XVII y el movimiento hiperrealista de Amberes, liderado por Willem Dolphyn. Posteriormente, la t\u00e9cnica m\u00e1s empastada del holand\u00e9s Henk Helmantel y las austeras composiciones del italiano Giorgio Morandi dejaron huella en su obra. Tras formarse como dise\u00f1ador de personajes e ilustrador, Stefaan trabaj\u00f3 en publicidad durante un tiempo. Pero cada vez m\u00e1s se centrara en su pintura. El mundo de los mensajes publicitarios r\u00e1pidos y los plazos abren espacio para el mundo silencioso del estudio, la observaci\u00f3n paciente y la construcci\u00f3n lenta de composiciones atemporales.<br \/>\nEn nuestra era postmoderna, donde la academia oficial rechaza la belleza como algo cursi y los museos de \u201cbellas\u201d artes son limitados a museos de arte \u201ccontempor\u00e1neo\u201d, Stefaan opta decididamente por la belleza como un criterio objetivo. Mediante el examen de la forma, la b\u00fasqueda continua de la esencia y la composici\u00f3n, Stefaan intenta crear otra realidad pr\u00edstina. Sus cuadros irradian tranquilidad y equilibrio. Son, en palabras del propio artista, \u00absalidas de emergencia de nuestra estresada sociedad de consumo\u00bb. La t\u00e9cnica tonal de los antiguos maestros en combinaci\u00f3n con materiales, colores y objetos modernos, da como resultado un realismo contempor\u00e1neo con ra\u00edces en una tradici\u00f3n pict\u00f3rica centenaria.<br \/>\nCon todo su realismo y detalle, los bodegones de Stefaan surgen de una abstracci\u00f3n estrechamente compuesta. Ya desde la distancia los colores, la composici\u00f3n y la sutil iluminaci\u00f3n logran seducir al espectador. Pero solo al acercarse las pinturas revelan sus sorprendentes detalles.<br \/>\nStefaan lleva una vida aislada en la regi\u00f3n francesa de Quency Blanc, en una peque\u00f1a aldea entre los vi\u00f1edos de Cahors.<\/p>\n","protected":false},"featured_media":21228,"comment_status":"closed","ping_status":"closed","template":"","meta":{"_acf_changed":false,"rank_math_lock_modified_date":false,"site-sidebar-layout":"default","site-content-layout":"","ast-site-content-layout":"default","site-content-style":"default","site-sidebar-style":"default","ast-global-header-display":"","ast-banner-title-visibility":"","ast-main-header-display":"","ast-hfb-above-header-display":"","ast-hfb-below-header-display":"","ast-hfb-mobile-header-display":"","site-post-title":"","ast-breadcrumbs-content":"","ast-featured-img":"","footer-sml-layout":"","theme-transparent-header-meta":"default","adv-header-id-meta":"","stick-header-meta":"","header-above-stick-meta":"","header-main-stick-meta":"","header-below-stick-meta":"","astra-migrate-meta-layouts":"set","ast-page-background-enabled":"default","ast-page-background-meta":{"desktop":{"background-color":"var(--ast-global-color-4)","background-image":"","background-repeat":"repeat","background-position":"center center","background-size":"auto","background-attachment":"scroll","background-type":"","background-media":"","overlay-type":"","overlay-color":"","overlay-gradient":""},"tablet":{"background-color":"","background-image":"","background-repeat":"repeat","background-position":"center center","background-size":"auto","background-attachment":"scroll","background-type":"","background-media":"","overlay-type":"","overlay-color":"","overlay-gradient":""},"mobile":{"background-color":"","background-image":"","background-repeat":"repeat","background-position":"center center","background-size":"auto","background-attachment":"scroll","background-type":"","background-media":"","overlay-type":"","overlay-color":"","overlay-gradient":""}},"ast-content-background-meta":{"desktop":{"background-color":"var(--ast-global-color-5)","background-image":"","background-repeat":"repeat","background-position":"center center","background-size":"auto","background-attachment":"scroll","background-type":"","background-media":"","overlay-type":"","overlay-color":"","overlay-gradient":""},"tablet":{"background-color":"var(--ast-global-color-5)","background-image":"","background-repeat":"repeat","background-position":"center center","background-size":"auto","background-attachment":"scroll","background-type":"","background-media":"","overlay-type":"","overlay-color":"","overlay-gradient":""},"mobile":{"background-color":"var(--ast-global-color-5)","background-image":"","background-repeat":"repeat","background-position":"center center","background-size":"auto","background-attachment":"scroll","background-type":"","background-media":"","overlay-type":"","overlay-color":"","overlay-gradient":""}}},"product_cat":[228],"product_tag":[330],"acf":[],"_links":{"self":[{"href":"https:\/\/salapares.com\/en\/wp-json\/wp\/v2\/product\/36853"}],"collection":[{"href":"https:\/\/salapares.com\/en\/wp-json\/wp\/v2\/product"}],"about":[{"href":"https:\/\/salapares.com\/en\/wp-json\/wp\/v2\/types\/product"}],"replies":[{"embeddable":true,"href":"https:\/\/salapares.com\/en\/wp-json\/wp\/v2\/comments?post=36853"}],"wp:featuredmedia":[{"embeddable":true,"href":"https:\/\/salapares.com\/en\/wp-json\/wp\/v2\/media\/21228"}],"wp:attachment":[{"href":"https:\/\/salapares.com\/en\/wp-json\/wp\/v2\/media?parent=36853"}],"wp:term":[{"taxonomy":"product_cat","embeddable":true,"href":"https:\/\/salapares.com\/en\/wp-json\/wp\/v2\/product_cat?post=36853"},{"taxonomy":"product_tag","embeddable":true,"href":"https:\/\/salapares.com\/en\/wp-json\/wp\/v2\/product_tag?post=36853"}],"curies":[{"name":"wp","href":"https:\/\/api.w.org\/{rel}","templated":true}]}}