{"id":36265,"date":"2025-03-19T16:57:39","date_gmt":"2025-03-19T16:57:39","guid":{"rendered":"https:\/\/salapares.com\/producto\/apparence\/"},"modified":"2025-10-10T10:29:32","modified_gmt":"2025-10-10T10:29:32","slug":"apparence","status":"publish","type":"product","link":"https:\/\/salapares.com\/en\/producto\/apparence\/","title":{"rendered":"Apparence"},"content":{"rendered":"","protected":false},"excerpt":{"rendered":"<p>Apparence es una de las obras de Mag\u00ed Puig que puedes disfrutar en su extraordinaria exposici\u00f3n en Sala Par\u00e9s. Esta exposici\u00f3n \u00fanica en la reconocida galer\u00eda de arte destaca la maestr\u00eda de Mag\u00ed Puig en la representaci\u00f3n de la luz a trav\u00e9s de su arte. La obra es una pieza excepcional que invita a los espectadores a sumergirse en un mundo de belleza y serenidad. La obra cautiva con sus luz, sus colores y su meticulosa atenci\u00f3n al detalle, transportando a quienes la contemplan a un lugar de ensue\u00f1o. La presencia de Mag\u00ed Puig en la Sala Par\u00e9s representa un hito en el panorama art\u00edstico de Barcelona, consolidando su posici\u00f3n como uno de los creadores m\u00e1s destacados de nuestra \u00e9poca.<br \/>\nSi algo define la pintura de Mag\u00ed Puig es el tratamiento que hace de la luz. Sus temas, ya sean sus planos generales de playas y ciudades o personajes individuales, aparecen ba\u00f1ados con una luz densa y vibrante, a menudo con unos contraluces deslumbrantes que despiertan colores potentes y penetrantes. Gran ejemplo de ello son sus playas en las que en ocasiones solo podemos distinguir unas pocas siluetas recortadas sobre una brillante arena monocroma que se funde con el cielo y el mar.<br \/>\nEntre sus temas destacan aquellos inspirados en sus viajes, que nos trasladan a ciudades como Par\u00eds, Venecia o La Habana; y pa\u00edses como Marruecos, Vietnam o Senegal. Sus paisajes urbanos y skylines son algunas de sus obras m\u00e1s singulares. En estas acostumbra a omitir cualquier presencia humana \u2500o a dejarla en un segundo plano\u2500 para centrarse en las arquitecturas y los callejones, y en c\u00f3mo la luz incide sobre ellos. Sus calles y mercados de Marruecos crean im\u00e1genes que pueden evocar los patios de Fabr\u00e9s o a las fantas\u00edas orientales de Fortuny.<br \/>\nMag\u00ed Puig expone en Sala Par\u00e9s desde 2003. Su singular estilo y minuciosa t\u00e9cnica le han otorgado un gran \u00e9xito a nivel internacional, llev\u00e1ndole a exponer peri\u00f3dicamente en ferias y galer\u00edas de Francia, Reino Unido, Suiza o Estados Unidos, y a estar presente en colecciones importantes.Apparence es una de las obras de Mag\u00ed Puig que puedes disfrutar en su extraordinaria exposici\u00f3n en Sala Par\u00e9s. Esta exposici\u00f3n \u00fanica en la reconocida galer\u00eda de arte destaca la maestr\u00eda de Mag\u00ed Puig en la representaci\u00f3n de la luz a trav\u00e9s de su arte. La obra es una pieza excepcional que invita a los espectadores a sumergirse en un mundo de belleza y serenidad. La obra cautiva con sus luz, sus colores y su meticulosa atenci\u00f3n al detalle, transportando a quienes la contemplan a un lugar de ensue\u00f1o. La presencia de Mag\u00ed Puig en la Sala Par\u00e9s representa un hito en el panorama art\u00edstico de Barcelona, consolidando su posici\u00f3n como uno de los creadores m\u00e1s destacados de nuestra \u00e9poca.<br \/>\nSi algo define la pintura de Mag\u00ed Puig es el tratamiento que hace de la luz. Sus temas, ya sean sus planos generales de playas y ciudades o personajes individuales, aparecen ba\u00f1ados con una luz densa y vibrante, a menudo con unos contraluces deslumbrantes que despiertan colores potentes y penetrantes. Gran ejemplo de ello son sus playas en las que en ocasiones solo podemos distinguir unas pocas siluetas recortadas sobre una brillante arena monocroma que se funde con el cielo y el mar.<br \/>\nEntre sus temas destacan aquellos inspirados en sus viajes, que nos trasladan a ciudades como Par\u00eds, Venecia o La Habana; y pa\u00edses como Marruecos, Vietnam o Senegal. Sus paisajes urbanos y skylines son algunas de sus obras m\u00e1s singulares. En estas acostumbra a omitir cualquier presencia humana \u2500o a dejarla en un segundo plano\u2500 para centrarse en las arquitecturas y los callejones, y en c\u00f3mo la luz incide sobre ellos. Sus calles y mercados de Marruecos crean im\u00e1genes que pueden evocar los patios de Fabr\u00e9s o a las fantas\u00edas orientales de Fortuny.<br \/>\nMag\u00ed Puig expone en Sala Par\u00e9s desde 2003. Su singular estilo y minuciosa t\u00e9cnica le han otorgado un gran \u00e9xito a nivel internacional, llev\u00e1ndole a exponer peri\u00f3dicamente en ferias y galer\u00edas de Francia, Reino Unido, Suiza o Estados Unidos, y a estar presente en colecciones importantes.Apparence es una de las obras de Mag\u00ed Puig que puedes disfrutar en su extraordinaria exposici\u00f3n en Sala Par\u00e9s. Esta exposici\u00f3n \u00fanica en la reconocida galer\u00eda de arte destaca la maestr\u00eda de Mag\u00ed Puig en la representaci\u00f3n de la luz a trav\u00e9s de su arte. La obra es una pieza excepcional que invita a los espectadores a sumergirse en un mundo de belleza y serenidad. La obra cautiva con sus luz, sus colores y su meticulosa atenci\u00f3n al detalle, transportando a quienes la contemplan a un lugar de ensue\u00f1o. La presencia de Mag\u00ed Puig en la Sala Par\u00e9s representa un hito en el panorama art\u00edstico de Barcelona, consolidando su posici\u00f3n como uno de los creadores m\u00e1s destacados de nuestra \u00e9poca.<br \/>\nSi algo define la pintura de Mag\u00ed Puig es el tratamiento que hace de la luz. Sus temas, ya sean sus planos generales de playas y ciudades o personajes individuales, aparecen ba\u00f1ados con una luz densa y vibrante, a menudo con unos contraluces deslumbrantes que despiertan colores potentes y penetrantes. Gran ejemplo de ello son sus playas en las que en ocasiones solo podemos distinguir unas pocas siluetas recortadas sobre una brillante arena monocroma que se funde con el cielo y el mar.<br \/>\nEntre sus temas destacan aquellos inspirados en sus viajes, que nos trasladan a ciudades como Par\u00eds, Venecia o La Habana; y pa\u00edses como Marruecos, Vietnam o Senegal. Sus paisajes urbanos y skylines son algunas de sus obras m\u00e1s singulares. En estas acostumbra a omitir cualquier presencia humana \u2500o a dejarla en un segundo plano\u2500 para centrarse en las arquitecturas y los callejones, y en c\u00f3mo la luz incide sobre ellos. Sus calles y mercados de Marruecos crean im\u00e1genes que pueden evocar los patios de Fabr\u00e9s o a las fantas\u00edas orientales de Fortuny.<br \/>\nMag\u00ed Puig expone en Sala Par\u00e9s desde 2003. Su singular estilo y minuciosa t\u00e9cnica le han otorgado un gran \u00e9xito a nivel internacional, llev\u00e1ndole a exponer peri\u00f3dicamente en ferias y galer\u00edas de Francia, Reino Unido, Suiza o Estados Unidos, y a estar presente en colecciones importantes.Apparence es una de las obras de Mag\u00ed Puig que puedes disfrutar en su extraordinaria exposici\u00f3n en Sala Par\u00e9s. Esta exposici\u00f3n \u00fanica en la reconocida galer\u00eda de arte destaca la maestr\u00eda de Mag\u00ed Puig en la representaci\u00f3n de la luz a trav\u00e9s de su arte. La obra es una pieza excepcional que invita a los espectadores a sumergirse en un mundo de belleza y serenidad. La obra cautiva con sus luz, sus colores y su meticulosa atenci\u00f3n al detalle, transportando a quienes la contemplan a un lugar de ensue\u00f1o. La presencia de Mag\u00ed Puig en la Sala Par\u00e9s representa un hito en el panorama art\u00edstico de Barcelona, consolidando su posici\u00f3n como uno de los creadores m\u00e1s destacados de nuestra \u00e9poca.<br \/>\nSi algo define la pintura de Mag\u00ed Puig es el tratamiento que hace de la luz. Sus temas, ya sean sus planos generales de playas y ciudades o personajes individuales, aparecen ba\u00f1ados con una luz densa y vibrante, a menudo con unos contraluces deslumbrantes que despiertan colores potentes y penetrantes. Gran ejemplo de ello son sus playas en las que en ocasiones solo podemos distinguir unas pocas siluetas recortadas sobre una brillante arena monocroma que se funde con el cielo y el mar.<br \/>\nEntre sus temas destacan aquellos inspirados en sus viajes, que nos trasladan a ciudades como Par\u00eds, Venecia o La Habana; y pa\u00edses como Marruecos, Vietnam o Senegal. Sus paisajes urbanos y skylines son algunas de sus obras m\u00e1s singulares. En estas acostumbra a omitir cualquier presencia humana \u2500o a dejarla en un segundo plano\u2500 para centrarse en las arquitecturas y los callejones, y en c\u00f3mo la luz incide sobre ellos. Sus calles y mercados de Marruecos crean im\u00e1genes que pueden evocar los patios de Fabr\u00e9s o a las fantas\u00edas orientales de Fortuny.<br \/>\nMag\u00ed Puig expone en Sala Par\u00e9s desde 2003. Su singular estilo y minuciosa t\u00e9cnica le han otorgado un gran \u00e9xito a nivel internacional, llev\u00e1ndole a exponer peri\u00f3dicamente en ferias y galer\u00edas de Francia, Reino Unido, Suiza o Estados Unidos, y a estar presente en colecciones importantes.Apparence es una de las obras de Mag\u00ed Puig que puedes disfrutar en su extraordinaria exposici\u00f3n en Sala Par\u00e9s. Esta exposici\u00f3n \u00fanica en la reconocida galer\u00eda de arte destaca la maestr\u00eda de Mag\u00ed Puig en la representaci\u00f3n de la luz a trav\u00e9s de su arte. La obra es una pieza excepcional que invita a los espectadores a sumergirse en un mundo de belleza y serenidad. La obra cautiva con sus luz, sus colores y su meticulosa atenci\u00f3n al detalle, transportando a quienes la contemplan a un lugar de ensue\u00f1o. La presencia de Mag\u00ed Puig en la Sala Par\u00e9s representa un hito en el panorama art\u00edstico de Barcelona, consolidando su posici\u00f3n como uno de los creadores m\u00e1s destacados de nuestra \u00e9poca.<br \/>\nSi algo define la pintura de Mag\u00ed Puig es el tratamiento que hace de la luz. Sus temas, ya sean sus planos generales de playas y ciudades o personajes individuales, aparecen ba\u00f1ados con una luz densa y vibrante, a menudo con unos contraluces deslumbrantes que despiertan colores potentes y penetrantes. Gran ejemplo de ello son sus playas en las que en ocasiones solo podemos distinguir unas pocas siluetas recortadas sobre una brillante arena monocroma que se funde con el cielo y el mar.<br \/>\nEntre sus temas destacan aquellos inspirados en sus viajes, que nos trasladan a ciudades como Par\u00eds, Venecia o La Habana; y pa\u00edses como Marruecos, Vietnam o Senegal. Sus paisajes urbanos y skylines son algunas de sus obras m\u00e1s singulares. En estas acostumbra a omitir cualquier presencia humana \u2500o a dejarla en un segundo plano\u2500 para centrarse en las arquitecturas y los callejones, y en c\u00f3mo la luz incide sobre ellos. Sus calles y mercados de Marruecos crean im\u00e1genes que pueden evocar los patios de Fabr\u00e9s o a las fantas\u00edas orientales de Fortuny.<br \/>\nMag\u00ed Puig expone en Sala Par\u00e9s desde 2003. Su singular estilo y minuciosa t\u00e9cnica le han otorgado un gran \u00e9xito a nivel internacional, llev\u00e1ndole a exponer peri\u00f3dicamente en ferias y galer\u00edas de Francia, Reino Unido, Suiza o Estados Unidos, y a estar presente en colecciones importantes.Apparence es una de las obras de Mag\u00ed Puig que puedes disfrutar en su extraordinaria exposici\u00f3n en Sala Par\u00e9s. Esta exposici\u00f3n \u00fanica en la reconocida galer\u00eda de arte destaca la maestr\u00eda de Mag\u00ed Puig en la representaci\u00f3n de la luz a trav\u00e9s de su arte. La obra es una pieza excepcional que invita a los espectadores a sumergirse en un mundo de belleza y serenidad. La obra cautiva con sus luz, sus colores y su meticulosa atenci\u00f3n al detalle, transportando a quienes la contemplan a un lugar de ensue\u00f1o. La presencia de Mag\u00ed Puig en la Sala Par\u00e9s representa un hito en el panorama art\u00edstico de Barcelona, consolidando su posici\u00f3n como uno de los creadores m\u00e1s destacados de nuestra \u00e9poca.<br \/>\nSi algo define la pintura de Mag\u00ed Puig es el tratamiento que hace de la luz. Sus temas, ya sean sus planos generales de playas y ciudades o personajes individuales, aparecen ba\u00f1ados con una luz densa y vibrante, a menudo con unos contraluces deslumbrantes que despiertan colores potentes y penetrantes. Gran ejemplo de ello son sus playas en las que en ocasiones solo podemos distinguir unas pocas siluetas recortadas sobre una brillante arena monocroma que se funde con el cielo y el mar.<br \/>\nEntre sus temas destacan aquellos inspirados en sus viajes, que nos trasladan a ciudades como Par\u00eds, Venecia o La Habana; y pa\u00edses como Marruecos, Vietnam o Senegal. Sus paisajes urbanos y skylines son algunas de sus obras m\u00e1s singulares. En estas acostumbra a omitir cualquier presencia humana \u2500o a dejarla en un segundo plano\u2500 para centrarse en las arquitecturas y los callejones, y en c\u00f3mo la luz incide sobre ellos. Sus calles y mercados de Marruecos crean im\u00e1genes que pueden evocar los patios de Fabr\u00e9s o a las fantas\u00edas orientales de Fortuny.<br \/>\nMag\u00ed Puig expone en Sala Par\u00e9s desde 2003. Su singular estilo y minuciosa t\u00e9cnica le han otorgado un gran \u00e9xito a nivel internacional, llev\u00e1ndole a exponer peri\u00f3dicamente en ferias y galer\u00edas de Francia, Reino Unido, Suiza o Estados Unidos, y a estar presente en colecciones importantes.Apparence es una de las obras de Mag\u00ed Puig que puedes disfrutar en su extraordinaria exposici\u00f3n en Sala Par\u00e9s. Esta exposici\u00f3n \u00fanica en la reconocida galer\u00eda de arte destaca la maestr\u00eda de Mag\u00ed Puig en la representaci\u00f3n de la luz a trav\u00e9s de su arte. La obra es una pieza excepcional que invita a los espectadores a sumergirse en un mundo de belleza y serenidad. La obra cautiva con sus luz, sus colores y su meticulosa atenci\u00f3n al detalle, transportando a quienes la contemplan a un lugar de ensue\u00f1o. La presencia de Mag\u00ed Puig en la Sala Par\u00e9s representa un hito en el panorama art\u00edstico de Barcelona, consolidando su posici\u00f3n como uno de los creadores m\u00e1s destacados de nuestra \u00e9poca.<br \/>\nSi algo define la pintura de Mag\u00ed Puig es el tratamiento que hace de la luz. Sus temas, ya sean sus planos generales de playas y ciudades o personajes individuales, aparecen ba\u00f1ados con una luz densa y vibrante, a menudo con unos contraluces deslumbrantes que despiertan colores potentes y penetrantes. Gran ejemplo de ello son sus playas en las que en ocasiones solo podemos distinguir unas pocas siluetas recortadas sobre una brillante arena monocroma que se funde con el cielo y el mar.<br \/>\nEntre sus temas destacan aquellos inspirados en sus viajes, que nos trasladan a ciudades como Par\u00eds, Venecia o La Habana; y pa\u00edses como Marruecos, Vietnam o Senegal. Sus paisajes urbanos y skylines son algunas de sus obras m\u00e1s singulares. En estas acostumbra a omitir cualquier presencia humana \u2500o a dejarla en un segundo plano\u2500 para centrarse en las arquitecturas y los callejones, y en c\u00f3mo la luz incide sobre ellos. Sus calles y mercados de Marruecos crean im\u00e1genes que pueden evocar los patios de Fabr\u00e9s o a las fantas\u00edas orientales de Fortuny.<br \/>\nMag\u00ed Puig expone en Sala Par\u00e9s desde 2003. Su singular estilo y minuciosa t\u00e9cnica le han otorgado un gran \u00e9xito a nivel internacional, llev\u00e1ndole a exponer peri\u00f3dicamente en ferias y galer\u00edas de Francia, Reino Unido, Suiza o Estados Unidos, y a estar presente en colecciones importantes.Apparence es una de las obras de Mag\u00ed Puig que puedes disfrutar en su extraordinaria exposici\u00f3n en Sala Par\u00e9s. Esta exposici\u00f3n \u00fanica en la reconocida galer\u00eda de arte destaca la maestr\u00eda de Mag\u00ed Puig en la representaci\u00f3n de la luz a trav\u00e9s de su arte. La obra es una pieza excepcional que invita a los espectadores a sumergirse en un mundo de belleza y serenidad. La obra cautiva con sus luz, sus colores y su meticulosa atenci\u00f3n al detalle, transportando a quienes la contemplan a un lugar de ensue\u00f1o. La presencia de Mag\u00ed Puig en la Sala Par\u00e9s representa un hito en el panorama art\u00edstico de Barcelona, consolidando su posici\u00f3n como uno de los creadores m\u00e1s destacados de nuestra \u00e9poca.<br \/>\nSi algo define la pintura de Mag\u00ed Puig es el tratamiento que hace de la luz. Sus temas, ya sean sus planos generales de playas y ciudades o personajes individuales, aparecen ba\u00f1ados con una luz densa y vibrante, a menudo con unos contraluces deslumbrantes que despiertan colores potentes y penetrantes. Gran ejemplo de ello son sus playas en las que en ocasiones solo podemos distinguir unas pocas siluetas recortadas sobre una brillante arena monocroma que se funde con el cielo y el mar.<br \/>\nEntre sus temas destacan aquellos inspirados en sus viajes, que nos trasladan a ciudades como Par\u00eds, Venecia o La Habana; y pa\u00edses como Marruecos, Vietnam o Senegal. Sus paisajes urbanos y skylines son algunas de sus obras m\u00e1s singulares. En estas acostumbra a omitir cualquier presencia humana \u2500o a dejarla en un segundo plano\u2500 para centrarse en las arquitecturas y los callejones, y en c\u00f3mo la luz incide sobre ellos. Sus calles y mercados de Marruecos crean im\u00e1genes que pueden evocar los patios de Fabr\u00e9s o a las fantas\u00edas orientales de Fortuny.<br \/>\nMag\u00ed Puig expone en Sala Par\u00e9s desde 2003. Su singular estilo y minuciosa t\u00e9cnica le han otorgado un gran \u00e9xito a nivel internacional, llev\u00e1ndole a exponer peri\u00f3dicamente en ferias y galer\u00edas de Francia, Reino Unido, Suiza o Estados Unidos, y a estar presente en colecciones importantes.<\/p>\n","protected":false},"featured_media":36130,"comment_status":"closed","ping_status":"closed","template":"","meta":{"_acf_changed":false,"rank_math_lock_modified_date":false,"site-sidebar-layout":"default","site-content-layout":"","ast-site-content-layout":"default","site-content-style":"default","site-sidebar-style":"default","ast-global-header-display":"","ast-banner-title-visibility":"","ast-main-header-display":"","ast-hfb-above-header-display":"","ast-hfb-below-header-display":"","ast-hfb-mobile-header-display":"","site-post-title":"","ast-breadcrumbs-content":"","ast-featured-img":"","footer-sml-layout":"","theme-transparent-header-meta":"default","adv-header-id-meta":"","stick-header-meta":"","header-above-stick-meta":"","header-main-stick-meta":"","header-below-stick-meta":"","astra-migrate-meta-layouts":"set","ast-page-background-enabled":"default","ast-page-background-meta":{"desktop":{"background-color":"var(--ast-global-color-4)","background-image":"","background-repeat":"repeat","background-position":"center center","background-size":"auto","background-attachment":"scroll","background-type":"","background-media":"","overlay-type":"","overlay-color":"","overlay-gradient":""},"tablet":{"background-color":"","background-image":"","background-repeat":"repeat","background-position":"center center","background-size":"auto","background-attachment":"scroll","background-type":"","background-media":"","overlay-type":"","overlay-color":"","overlay-gradient":""},"mobile":{"background-color":"","background-image":"","background-repeat":"repeat","background-position":"center center","background-size":"auto","background-attachment":"scroll","background-type":"","background-media":"","overlay-type":"","overlay-color":"","overlay-gradient":""}},"ast-content-background-meta":{"desktop":{"background-color":"var(--ast-global-color-5)","background-image":"","background-repeat":"repeat","background-position":"center center","background-size":"auto","background-attachment":"scroll","background-type":"","background-media":"","overlay-type":"","overlay-color":"","overlay-gradient":""},"tablet":{"background-color":"var(--ast-global-color-5)","background-image":"","background-repeat":"repeat","background-position":"center center","background-size":"auto","background-attachment":"scroll","background-type":"","background-media":"","overlay-type":"","overlay-color":"","overlay-gradient":""},"mobile":{"background-color":"var(--ast-global-color-5)","background-image":"","background-repeat":"repeat","background-position":"center center","background-size":"auto","background-attachment":"scroll","background-type":"","background-media":"","overlay-type":"","overlay-color":"","overlay-gradient":""}}},"product_cat":[228],"product_tag":[330],"acf":[],"_links":{"self":[{"href":"https:\/\/salapares.com\/en\/wp-json\/wp\/v2\/product\/36265"}],"collection":[{"href":"https:\/\/salapares.com\/en\/wp-json\/wp\/v2\/product"}],"about":[{"href":"https:\/\/salapares.com\/en\/wp-json\/wp\/v2\/types\/product"}],"replies":[{"embeddable":true,"href":"https:\/\/salapares.com\/en\/wp-json\/wp\/v2\/comments?post=36265"}],"wp:featuredmedia":[{"embeddable":true,"href":"https:\/\/salapares.com\/en\/wp-json\/wp\/v2\/media\/36130"}],"wp:attachment":[{"href":"https:\/\/salapares.com\/en\/wp-json\/wp\/v2\/media?parent=36265"}],"wp:term":[{"taxonomy":"product_cat","embeddable":true,"href":"https:\/\/salapares.com\/en\/wp-json\/wp\/v2\/product_cat?post=36265"},{"taxonomy":"product_tag","embeddable":true,"href":"https:\/\/salapares.com\/en\/wp-json\/wp\/v2\/product_tag?post=36265"}],"curies":[{"name":"wp","href":"https:\/\/api.w.org\/{rel}","templated":true}]}}