{"id":37017,"date":"2025-09-02T11:48:24","date_gmt":"2025-09-02T11:48:24","guid":{"rendered":"https:\/\/salapares.com\/producto\/arrecife-neuronal-2016\/"},"modified":"2025-09-02T11:48:24","modified_gmt":"2025-09-02T11:48:24","slug":"arrecife-neuronal-2016","status":"publish","type":"product","link":"https:\/\/salapares.com\/ca\/producto\/arrecife-neuronal-2016\/","title":{"rendered":"Arrecife neuronal, 2016"},"content":{"rendered":"","protected":false},"excerpt":{"rendered":"<p>Arrecife neuronal, 2016 es la nueva obra de Carlos Forns presentada en Sala Par\u00e9s para su exposici\u00f3n Liber Naturae para septiembre de 2025<\/p>\n<p>Casi veinte a\u00f1os despu\u00e9s de su \u00faltima muestra en Barcelona, Carlos Forns regresa a la Ciudad Condal y presenta su primera exposici\u00f3n individual en Sala Par\u00e9s.\u00a0<em><strong>LIBER NATURAE<\/strong><\/em>\u00a0ocupa los espacios 1 y 3 de la galer\u00eda y, en ella, se exhiben los trabajos de los \u00faltimos a\u00f1os de la producci\u00f3n del artista madrile\u00f1o, combinando pinturas y esculturas con una selecci\u00f3n de objetos, libros, rarezas y \u2018curiosidades parlantes\u2019 que conforman su propia colecci\u00f3n. Todos ellos son fuente de inspiraci\u00f3n y base en la construcci\u00f3n del\u00a0<em>Liber Naturae<\/em>\u00a0de Forns, para quien la actividad pict\u00f3rica constituye una expedici\u00f3n cient\u00edfica y un viaje inici\u00e1tico.<\/p>\n<p>Con su pintura, Carlos Forns Bada reflexiona en torno al concepto del flujo constante. El universo es un gran sistema en cambio continuo, donde sus partes y los seres que lo habitan se transforman y enlazan unos con otros en una danza perpetua. Ninguna forma es permanente, sino que se halla en infinita metamorfosis.<\/p>\n<p>Forns se mueve entre la reflexi\u00f3n profunda y el juego de conjuntar elementos, espec\u00edmenes u objetos de su colecci\u00f3n, hallados en viajes o durante investigaciones en el jard\u00edn del mundo. Los sobredimensiona, los combina estableciendo di\u00e1logos impensables, los transforma y metamorfosea con su mirada de explorador entusiasta. Es como si Forns comprimiese todas sus referencias e ideas en una cris\u00e1lida gigante de la que, tras su eclosi\u00f3n y como si de la chistera de un mago se tratase, emergen miles de imagos tras la brecha. A partir de todas ellas, establece redes y conexiones que se disponen en el lienzo, generando microcosmos que ejercen de enlace con los misterios de la creaci\u00f3n y de la vida; algo as\u00ed como expresiones del universo en miniatura que, adem\u00e1s, se erigen tambi\u00e9n como im\u00e1genes del alma interior \u2013 del creador y de quien los admira.<\/p>\n<p>En sus composiciones, la naturaleza cambiante de muchas de las estructuras proyecta geometr\u00edas imaginarias inspiradas en los diagramas herm\u00e9ticos de Giordano Bruno o en las im\u00e1genes geom\u00e9tricas minimalistas de Nicol\u00e1s de Cusa. Todas estas apariciones permiten privilegiar la contemplaci\u00f3n meditativa. Las entiende como talismanes m\u00e1gicos a partir de los cuales se construyen las met\u00e1foras y la transfiguraci\u00f3n de la naturaleza. Como \u00e9l mismo apunta, \u201cse trata de interiorizar el universo para poder convertirnos en magos, en demiurgos capaces de crear conjuntamente con la naturaleza\u201d.<\/p>\n<p>Casi veinte a\u00f1os despu\u00e9s de su \u00faltima muestra en Barcelona, Carlos Forns regresa a la Ciudad Condal y presenta su primera exposici\u00f3n individual en Sala Par\u00e9s.\u00a0<em><strong>LIBER NATURAE<\/strong><\/em>\u00a0ocupa los espacios 1 y 3 de la galer\u00eda y, en ella, se exhiben los trabajos de los \u00faltimos a\u00f1os de la producci\u00f3n del artista madrile\u00f1o, combinando pinturas y esculturas con una selecci\u00f3n de objetos, libros, rarezas y \u2018curiosidades parlantes\u2019 que conforman su propia colecci\u00f3n. Todos ellos son fuente de inspiraci\u00f3n y base en la construcci\u00f3n del\u00a0<em>Liber Naturae<\/em>\u00a0de Forns, para quien la actividad pict\u00f3rica constituye una expedici\u00f3n cient\u00edfica y un viaje inici\u00e1tico.<\/p>\n<p>Con su pintura, Carlos Forns Bada reflexiona en torno al concepto del flujo constante. El universo es un gran sistema en cambio continuo, donde sus partes y los seres que lo habitan se transforman y enlazan unos con otros en una danza perpetua. Ninguna forma es permanente, sino que se halla en infinita metamorfosis.<\/p>\n<p>Forns se mueve entre la reflexi\u00f3n profunda y el juego de conjuntar elementos, espec\u00edmenes u objetos de su colecci\u00f3n, hallados en viajes o durante investigaciones en el jard\u00edn del mundo. Los sobredimensiona, los combina estableciendo di\u00e1logos impensables, los transforma y metamorfosea con su mirada de explorador entusiasta. Es como si Forns comprimiese todas sus referencias e ideas en una cris\u00e1lida gigante de la que, tras su eclosi\u00f3n y como si de la chistera de un mago se tratase, emergen miles de imagos tras la brecha. A partir de todas ellas, establece redes y conexiones que se disponen en el lienzo, generando microcosmos que ejercen de enlace con los misterios de la creaci\u00f3n y de la vida; algo as\u00ed como expresiones del universo en miniatura que, adem\u00e1s, se erigen tambi\u00e9n como im\u00e1genes del alma interior \u2013 del creador y de quien los admira.<\/p>\n<p>En sus composiciones, la naturaleza cambiante de muchas de las estructuras proyecta geometr\u00edas imaginarias inspiradas en los diagramas herm\u00e9ticos de Giordano Bruno o en las im\u00e1genes geom\u00e9tricas minimalistas de Nicol\u00e1s de Cusa. Todas estas apariciones permiten privilegiar la contemplaci\u00f3n meditativa. Las entiende como talismanes m\u00e1gicos a partir de los cuales se construyen las met\u00e1foras y la transfiguraci\u00f3n de la naturaleza. Como \u00e9l mismo apunta, \u201cse trata de interiorizar el universo para poder convertirnos en magos, en demiurgos capaces de crear conjuntamente con la naturaleza\u201d.<\/p>\n<p>Casi veinte a\u00f1os despu\u00e9s de su \u00faltima muestra en Barcelona, Carlos Forns regresa a la Ciudad Condal y presenta su primera exposici\u00f3n individual en Sala Par\u00e9s.\u00a0<em><strong>LIBER NATURAE<\/strong><\/em>\u00a0ocupa los espacios 1 y 3 de la galer\u00eda y, en ella, se exhiben los trabajos de los \u00faltimos a\u00f1os de la producci\u00f3n del artista madrile\u00f1o, combinando pinturas y esculturas con una selecci\u00f3n de objetos, libros, rarezas y \u2018curiosidades parlantes\u2019 que conforman su propia colecci\u00f3n. Todos ellos son fuente de inspiraci\u00f3n y base en la construcci\u00f3n del\u00a0<em>Liber Naturae<\/em>\u00a0de Forns, para quien la actividad pict\u00f3rica constituye una expedici\u00f3n cient\u00edfica y un viaje inici\u00e1tico.<\/p>\n<p>Con su pintura, Carlos Forns Bada reflexiona en torno al concepto del flujo constante. El universo es un gran sistema en cambio continuo, donde sus partes y los seres que lo habitan se transforman y enlazan unos con otros en una danza perpetua. Ninguna forma es permanente, sino que se halla en infinita metamorfosis.<\/p>\n<p>Forns se mueve entre la reflexi\u00f3n profunda y el juego de conjuntar elementos, espec\u00edmenes u objetos de su colecci\u00f3n, hallados en viajes o durante investigaciones en el jard\u00edn del mundo. Los sobredimensiona, los combina estableciendo di\u00e1logos impensables, los transforma y metamorfosea con su mirada de explorador entusiasta. Es como si Forns comprimiese todas sus referencias e ideas en una cris\u00e1lida gigante de la que, tras su eclosi\u00f3n y como si de la chistera de un mago se tratase, emergen miles de imagos tras la brecha. A partir de todas ellas, establece redes y conexiones que se disponen en el lienzo, generando microcosmos que ejercen de enlace con los misterios de la creaci\u00f3n y de la vida; algo as\u00ed como expresiones del universo en miniatura que, adem\u00e1s, se erigen tambi\u00e9n como im\u00e1genes del alma interior \u2013 del creador y de quien los admira.<\/p>\n<p>En sus composiciones, la naturaleza cambiante de muchas de las estructuras proyecta geometr\u00edas imaginarias inspiradas en los diagramas herm\u00e9ticos de Giordano Bruno o en las im\u00e1genes geom\u00e9tricas minimalistas de Nicol\u00e1s de Cusa. Todas estas apariciones permiten privilegiar la contemplaci\u00f3n meditativa. Las entiende como talismanes m\u00e1gicos a partir de los cuales se construyen las met\u00e1foras y la transfiguraci\u00f3n de la naturaleza. Como \u00e9l mismo apunta, \u201cse trata de interiorizar el universo para poder convertirnos en magos, en demiurgos capaces de crear conjuntamente con la naturaleza\u201d.<\/p>\n<p>Casi veinte a\u00f1os despu\u00e9s de su \u00faltima muestra en Barcelona, Carlos Forns regresa a la Ciudad Condal y presenta su primera exposici\u00f3n individual en Sala Par\u00e9s.\u00a0<em><strong>LIBER NATURAE<\/strong><\/em>\u00a0ocupa los espacios 1 y 3 de la galer\u00eda y, en ella, se exhiben los trabajos de los \u00faltimos a\u00f1os de la producci\u00f3n del artista madrile\u00f1o, combinando pinturas y esculturas con una selecci\u00f3n de objetos, libros, rarezas y \u2018curiosidades parlantes\u2019 que conforman su propia colecci\u00f3n. Todos ellos son fuente de inspiraci\u00f3n y base en la construcci\u00f3n del\u00a0<em>Liber Naturae<\/em>\u00a0de Forns, para quien la actividad pict\u00f3rica constituye una expedici\u00f3n cient\u00edfica y un viaje inici\u00e1tico.<\/p>\n<p>Con su pintura, Carlos Forns Bada reflexiona en torno al concepto del flujo constante. El universo es un gran sistema en cambio continuo, donde sus partes y los seres que lo habitan se transforman y enlazan unos con otros en una danza perpetua. Ninguna forma es permanente, sino que se halla en infinita metamorfosis.<\/p>\n<p>Forns se mueve entre la reflexi\u00f3n profunda y el juego de conjuntar elementos, espec\u00edmenes u objetos de su colecci\u00f3n, hallados en viajes o durante investigaciones en el jard\u00edn del mundo. Los sobredimensiona, los combina estableciendo di\u00e1logos impensables, los transforma y metamorfosea con su mirada de explorador entusiasta. Es como si Forns comprimiese todas sus referencias e ideas en una cris\u00e1lida gigante de la que, tras su eclosi\u00f3n y como si de la chistera de un mago se tratase, emergen miles de imagos tras la brecha. A partir de todas ellas, establece redes y conexiones que se disponen en el lienzo, generando microcosmos que ejercen de enlace con los misterios de la creaci\u00f3n y de la vida; algo as\u00ed como expresiones del universo en miniatura que, adem\u00e1s, se erigen tambi\u00e9n como im\u00e1genes del alma interior \u2013 del creador y de quien los admira.<\/p>\n<p>En sus composiciones, la naturaleza cambiante de muchas de las estructuras proyecta geometr\u00edas imaginarias inspiradas en los diagramas herm\u00e9ticos de Giordano Bruno o en las im\u00e1genes geom\u00e9tricas minimalistas de Nicol\u00e1s de Cusa. Todas estas apariciones permiten privilegiar la contemplaci\u00f3n meditativa. Las entiende como talismanes m\u00e1gicos a partir de los cuales se construyen las met\u00e1foras y la transfiguraci\u00f3n de la naturaleza. Como \u00e9l mismo apunta, \u201cse trata de interiorizar el universo para poder convertirnos en magos, en demiurgos capaces de crear conjuntamente con la naturaleza\u201d.<\/p>\n","protected":false},"featured_media":36774,"comment_status":"closed","ping_status":"closed","template":"","meta":{"_acf_changed":false,"rank_math_lock_modified_date":false,"site-sidebar-layout":"default","site-content-layout":"","ast-site-content-layout":"default","site-content-style":"default","site-sidebar-style":"default","ast-global-header-display":"","ast-banner-title-visibility":"","ast-main-header-display":"","ast-hfb-above-header-display":"","ast-hfb-below-header-display":"","ast-hfb-mobile-header-display":"","site-post-title":"","ast-breadcrumbs-content":"","ast-featured-img":"","footer-sml-layout":"","theme-transparent-header-meta":"default","adv-header-id-meta":"","stick-header-meta":"","header-above-stick-meta":"","header-main-stick-meta":"","header-below-stick-meta":"","astra-migrate-meta-layouts":"set","ast-page-background-enabled":"default","ast-page-background-meta":{"desktop":{"background-color":"var(--ast-global-color-4)","background-image":"","background-repeat":"repeat","background-position":"center center","background-size":"auto","background-attachment":"scroll","background-type":"","background-media":"","overlay-type":"","overlay-color":"","overlay-gradient":""},"tablet":{"background-color":"","background-image":"","background-repeat":"repeat","background-position":"center center","background-size":"auto","background-attachment":"scroll","background-type":"","background-media":"","overlay-type":"","overlay-color":"","overlay-gradient":""},"mobile":{"background-color":"","background-image":"","background-repeat":"repeat","background-position":"center center","background-size":"auto","background-attachment":"scroll","background-type":"","background-media":"","overlay-type":"","overlay-color":"","overlay-gradient":""}},"ast-content-background-meta":{"desktop":{"background-color":"var(--ast-global-color-5)","background-image":"","background-repeat":"repeat","background-position":"center center","background-size":"auto","background-attachment":"scroll","background-type":"","background-media":"","overlay-type":"","overlay-color":"","overlay-gradient":""},"tablet":{"background-color":"var(--ast-global-color-5)","background-image":"","background-repeat":"repeat","background-position":"center center","background-size":"auto","background-attachment":"scroll","background-type":"","background-media":"","overlay-type":"","overlay-color":"","overlay-gradient":""},"mobile":{"background-color":"var(--ast-global-color-5)","background-image":"","background-repeat":"repeat","background-position":"center center","background-size":"auto","background-attachment":"scroll","background-type":"","background-media":"","overlay-type":"","overlay-color":"","overlay-gradient":""}}},"product_cat":[227],"product_tag":[208],"acf":[],"_links":{"self":[{"href":"https:\/\/salapares.com\/ca\/wp-json\/wp\/v2\/product\/37017"}],"collection":[{"href":"https:\/\/salapares.com\/ca\/wp-json\/wp\/v2\/product"}],"about":[{"href":"https:\/\/salapares.com\/ca\/wp-json\/wp\/v2\/types\/product"}],"replies":[{"embeddable":true,"href":"https:\/\/salapares.com\/ca\/wp-json\/wp\/v2\/comments?post=37017"}],"wp:featuredmedia":[{"embeddable":true,"href":"https:\/\/salapares.com\/ca\/wp-json\/wp\/v2\/media\/36774"}],"wp:attachment":[{"href":"https:\/\/salapares.com\/ca\/wp-json\/wp\/v2\/media?parent=37017"}],"wp:term":[{"taxonomy":"product_cat","embeddable":true,"href":"https:\/\/salapares.com\/ca\/wp-json\/wp\/v2\/product_cat?post=37017"},{"taxonomy":"product_tag","embeddable":true,"href":"https:\/\/salapares.com\/ca\/wp-json\/wp\/v2\/product_tag?post=37017"}],"curies":[{"name":"wp","href":"https:\/\/api.w.org\/{rel}","templated":true}]}}